{"id":234,"date":"2018-03-22T06:23:52","date_gmt":"2018-03-22T06:23:52","guid":{"rendered":"https:\/\/demo.themegrill.com\/radiate\/?page_id=229"},"modified":"2023-03-21T11:02:31","modified_gmt":"2023-03-21T11:02:31","slug":"contact","status":"publish","type":"page","link":"https:\/\/bueroelsner.de\/index.php\/contact\/","title":{"rendered":"Kontakt"},"content":{"rendered":"<p>Hallo, sch\u00f6n dass Du hier bist.<\/p>\n<p>Wenn Du mit mir in Kontakt treten m\u00f6chtest, gern per Mail: post@bueroelsner.de.<\/p>\n<p>Ich freue mich \u00fcber Post von Dir.<\/p>\n<div class=\"everest-forms\"><div class=\"evf-container default\" id=\"evf-228\"><form id=\"evf-form-228\" class=\"everest-form\" data-formid=\"228\" data-ajax_submission=\"0\" data-keyboard_friendly_form=\"0\" method=\"post\" enctype=\"multipart\/form-data\" action=\"\/index.php\/wp-json\/wp\/v2\/pages\/234\"><div class=\"evf-field-container\"><input type=\"hidden\" id=\"_wpnonce228\" name=\"_wpnonce228\" value=\"36fe792763\" \/><input type=\"hidden\" name=\"_wp_http_referer\" value=\"\/index.php\/wp-json\/wp\/v2\/pages\/234\" \/><div class=\"evf-frontend-row\" data-row=\"row_1\" conditional_rules=\"[]\"><div class=\"evf-frontend-grid evf-grid-1\" data-grid=\"grid_1\"><div id=\"evf-228-field_name-container\" class=\"evf-field evf-field-text form-row validate-required\" data-required-field-message=\"This field is required.\" data-field-id=\"name\"><label class=\"evf-field-label\" for=\"evf-228-field_name\"><span class=\"evf-label\">Name<\/span> <abbr class=\"required\" title=\"Required\">*<\/abbr><\/label><input type=\"text\" id=\"evf-228-field_name\" class=\"input-text\" name=\"everest_forms[form_fields][name]\" required><\/div><div id=\"evf-228-field_email-container\" class=\"evf-field evf-field-email form-row validate-required validate-email\" data-required-field-message=\"Please enter a valid email address.\" data-field-id=\"email\"><label class=\"evf-field-label\" for=\"evf-228-field_email\"><span class=\"evf-label\">Email<\/span> <abbr class=\"required\" title=\"Required\">*<\/abbr><\/label><input type=\"email\" id=\"evf-228-field_email\" class=\"input-text\" name=\"everest_forms[form_fields][email]\" required ><\/div><div id=\"evf-228-field_subject-container\" class=\"evf-field evf-field-text form-row validate-required\" data-required-field-message=\"This field is required.\" data-field-id=\"subject\"><label class=\"evf-field-label\" for=\"evf-228-field_subject\"><span class=\"evf-label\">Subject<\/span> <abbr class=\"required\" title=\"Required\">*<\/abbr><\/label><input type=\"text\" id=\"evf-228-field_subject\" class=\"input-text\" name=\"everest_forms[form_fields][subject]\" required><\/div><div id=\"evf-228-field_message-container\" class=\"evf-field evf-field-textarea form-row\" data-field-id=\"message\"><label class=\"evf-field-label\" for=\"evf-228-field_message\"><span class=\"evf-label\">Message<\/span> <\/label><textarea id=\"evf-228-field_message\" class=\"input-text\" name=\"everest_forms[form_fields][message]\"  ><\/textarea><\/div><\/div><\/div><\/div><div class=\"evf-submit-container \" ><input type=\"hidden\" name=\"everest_forms[id]\" value=\"228\"><input type=\"hidden\" name=\"everest_forms[author]\" value=\"1\"><button type='submit' name='everest_forms[submit]' class='everest-forms-submit-button button evf-submit ' id='evf-submit-228' value='evf-submit' data-process-text=\"Processing&hellip;\" conditional_rules='&quot;&quot;' conditional_id='evf-submit-228'  id=\"evf-submit-228\" aria-live=\"assertive\">Submit<\/button><\/div><\/form><\/div><!-- .evf-container --><\/div>\n","protected":false},"excerpt":{"rendered":"<p>Hallo, sch\u00f6n dass Du hier bist. Wenn Du mit mir in Kontakt treten m\u00f6chtest, gern per Mail: post@bueroelsner.de. Ich freue mich \u00fcber Post von Dir.<\/p>\n","protected":false},"author":1,"featured_media":0,"parent":0,"menu_order":0,"comment_status":"closed","ping_status":"closed","template":"","meta":[],"yoast_head":"<!-- This site is optimized with the Yoast SEO plugin v20.0 - https:\/\/yoast.com\/wordpress\/plugins\/seo\/ -->\n<title>Kontakt - B\u00fcro Elsner - Atelier<\/title>\n<meta name=\"description\" content=\"B\u00fcro Elsner - Atelier %Kunst kaufen %Bilder kaufen ryl %\u00d6l - %K\u00fcnstlerin %Skulpturen\" \/>\n<meta name=\"robots\" content=\"index, follow, max-snippet:-1, max-image-preview:large, max-video-preview:-1\" \/>\n<link rel=\"canonical\" href=\"https:\/\/bueroelsner.de\/index.php\/contact\/\" \/>\n<meta property=\"og:locale\" content=\"de_DE\" \/>\n<meta property=\"og:type\" content=\"article\" \/>\n<meta property=\"og:title\" content=\"Kontakt - B\u00fcro Elsner - Atelier\" \/>\n<meta property=\"og:description\" content=\"B\u00fcro Elsner - Atelier %Kunst kaufen %Bilder kaufen ryl %\u00d6l - %K\u00fcnstlerin %Skulpturen\" \/>\n<meta property=\"og:url\" content=\"https:\/\/bueroelsner.de\/index.php\/contact\/\" \/>\n<meta property=\"og:site_name\" content=\"B\u00fcro Elsner - Atelier\" \/>\n<meta property=\"article:modified_time\" content=\"2023-03-21T11:02:31+00:00\" \/>\n<meta name=\"twitter:card\" content=\"summary_large_image\" \/>\n<meta name=\"twitter:label1\" content=\"Gesch\u00e4tzte Lesezeit\" \/>\n\t<meta name=\"twitter:data1\" content=\"1 Minute\" \/>\n<script type=\"application\/ld+json\" class=\"yoast-schema-graph\">{\"@context\":\"https:\/\/schema.org\",\"@graph\":[{\"@type\":\"WebPage\",\"@id\":\"https:\/\/bueroelsner.de\/index.php\/contact\/\",\"url\":\"https:\/\/bueroelsner.de\/index.php\/contact\/\",\"name\":\"Kontakt - B\u00fcro Elsner - Atelier\",\"isPartOf\":{\"@id\":\"https:\/\/bueroelsner.de\/#website\"},\"datePublished\":\"2018-03-22T06:23:52+00:00\",\"dateModified\":\"2023-03-21T11:02:31+00:00\",\"description\":\"B\u00fcro Elsner - Atelier %Kunst kaufen %Bilder kaufen ryl %\u00d6l - %K\u00fcnstlerin %Skulpturen\",\"breadcrumb\":{\"@id\":\"https:\/\/bueroelsner.de\/index.php\/contact\/#breadcrumb\"},\"inLanguage\":\"de-DE\",\"potentialAction\":[{\"@type\":\"ReadAction\",\"target\":[\"https:\/\/bueroelsner.de\/index.php\/contact\/\"]}]},{\"@type\":\"BreadcrumbList\",\"@id\":\"https:\/\/bueroelsner.de\/index.php\/contact\/#breadcrumb\",\"itemListElement\":[{\"@type\":\"ListItem\",\"position\":1,\"name\":\"Startseite\",\"item\":\"https:\/\/bueroelsner.de\/\"},{\"@type\":\"ListItem\",\"position\":2,\"name\":\"Kontakt\"}]},{\"@type\":\"WebSite\",\"@id\":\"https:\/\/bueroelsner.de\/#website\",\"url\":\"https:\/\/bueroelsner.de\/\",\"name\":\"B\u00fcro Elsner - Atelier\",\"description\":\"\",\"potentialAction\":[{\"@type\":\"SearchAction\",\"target\":{\"@type\":\"EntryPoint\",\"urlTemplate\":\"https:\/\/bueroelsner.de\/?s={search_term_string}\"},\"query-input\":\"required name=search_term_string\"}],\"inLanguage\":\"de-DE\"}]}<\/script>\n<!-- \/ Yoast SEO plugin. -->","yoast_head_json":{"title":"Kontakt - B\u00fcro Elsner - Atelier","description":"B\u00fcro Elsner - Atelier %Kunst kaufen %Bilder kaufen ryl %\u00d6l - %K\u00fcnstlerin %Skulpturen","robots":{"index":"index","follow":"follow","max-snippet":"max-snippet:-1","max-image-preview":"max-image-preview:large","max-video-preview":"max-video-preview:-1"},"canonical":"https:\/\/bueroelsner.de\/index.php\/contact\/","og_locale":"de_DE","og_type":"article","og_title":"Kontakt - B\u00fcro Elsner - Atelier","og_description":"B\u00fcro Elsner - Atelier %Kunst kaufen %Bilder kaufen ryl %\u00d6l - %K\u00fcnstlerin %Skulpturen","og_url":"https:\/\/bueroelsner.de\/index.php\/contact\/","og_site_name":"B\u00fcro Elsner - Atelier","article_modified_time":"2023-03-21T11:02:31+00:00","twitter_card":"summary_large_image","twitter_misc":{"Gesch\u00e4tzte Lesezeit":"1 Minute"},"schema":{"@context":"https:\/\/schema.org","@graph":[{"@type":"WebPage","@id":"https:\/\/bueroelsner.de\/index.php\/contact\/","url":"https:\/\/bueroelsner.de\/index.php\/contact\/","name":"Kontakt - B\u00fcro Elsner - Atelier","isPartOf":{"@id":"https:\/\/bueroelsner.de\/#website"},"datePublished":"2018-03-22T06:23:52+00:00","dateModified":"2023-03-21T11:02:31+00:00","description":"B\u00fcro Elsner - Atelier %Kunst kaufen %Bilder kaufen ryl %\u00d6l - %K\u00fcnstlerin %Skulpturen","breadcrumb":{"@id":"https:\/\/bueroelsner.de\/index.php\/contact\/#breadcrumb"},"inLanguage":"de-DE","potentialAction":[{"@type":"ReadAction","target":["https:\/\/bueroelsner.de\/index.php\/contact\/"]}]},{"@type":"BreadcrumbList","@id":"https:\/\/bueroelsner.de\/index.php\/contact\/#breadcrumb","itemListElement":[{"@type":"ListItem","position":1,"name":"Startseite","item":"https:\/\/bueroelsner.de\/"},{"@type":"ListItem","position":2,"name":"Kontakt"}]},{"@type":"WebSite","@id":"https:\/\/bueroelsner.de\/#website","url":"https:\/\/bueroelsner.de\/","name":"B\u00fcro Elsner - Atelier","description":"","potentialAction":[{"@type":"SearchAction","target":{"@type":"EntryPoint","urlTemplate":"https:\/\/bueroelsner.de\/?s={search_term_string}"},"query-input":"required name=search_term_string"}],"inLanguage":"de-DE"}]}},"_links":{"self":[{"href":"https:\/\/bueroelsner.de\/index.php\/wp-json\/wp\/v2\/pages\/234"}],"collection":[{"href":"https:\/\/bueroelsner.de\/index.php\/wp-json\/wp\/v2\/pages"}],"about":[{"href":"https:\/\/bueroelsner.de\/index.php\/wp-json\/wp\/v2\/types\/page"}],"author":[{"embeddable":true,"href":"https:\/\/bueroelsner.de\/index.php\/wp-json\/wp\/v2\/users\/1"}],"replies":[{"embeddable":true,"href":"https:\/\/bueroelsner.de\/index.php\/wp-json\/wp\/v2\/comments?post=234"}],"version-history":[{"count":6,"href":"https:\/\/bueroelsner.de\/index.php\/wp-json\/wp\/v2\/pages\/234\/revisions"}],"predecessor-version":[{"id":340,"href":"https:\/\/bueroelsner.de\/index.php\/wp-json\/wp\/v2\/pages\/234\/revisions\/340"}],"wp:attachment":[{"href":"https:\/\/bueroelsner.de\/index.php\/wp-json\/wp\/v2\/media?parent=234"}],"curies":[{"name":"wp","href":"https:\/\/api.w.org\/{rel}","templated":true}]}}