{"id":42,"date":"2014-02-17T14:18:05","date_gmt":"2014-02-17T14:18:05","guid":{"rendered":"http:\/\/demo.themegrill.com\/radiate\/?page_id=42"},"modified":"2023-03-20T12:13:12","modified_gmt":"2023-03-20T12:13:12","slug":"parallax-header","status":"publish","type":"page","link":"https:\/\/bueroelsner.de\/index.php\/parallax-header\/","title":{"rendered":"Parallax Header"},"content":{"rendered":"\n<p>Kunst zum Kaufen!<\/p>\n\n\n\n<p>Die Braunschweiger K\u00fcnstlerin Svenja Elsner \u00f6ffnet ihr Atelier.<\/p>\n\n\n\n<p>Arbeiten aus verschiedenen Jahrzehnten und Schaffensperioden zeigen ein breites Bild.<\/p>\n\n\n\n<figure class=\"is-layout-flex wp-block-gallery-1 wp-block-gallery has-nested-images columns-default is-cropped\">\n<figure class=\"wp-block-image size-large\"><img decoding=\"async\" loading=\"lazy\" width=\"1024\" height=\"1015\" data-id=\"331\"  src=\"https:\/\/bueroelsner.de\/wp-content\/uploads\/2023\/03\/Kraehe-auf-Pfahl-1-1024x1015.jpg\" alt=\"\" class=\"wp-image-331\" srcset=\"https:\/\/bueroelsner.de\/wp-content\/uploads\/2023\/03\/Kraehe-auf-Pfahl-1-1024x1015.jpg 1024w, https:\/\/bueroelsner.de\/wp-content\/uploads\/2023\/03\/Kraehe-auf-Pfahl-1-300x297.jpg 300w, https:\/\/bueroelsner.de\/wp-content\/uploads\/2023\/03\/Kraehe-auf-Pfahl-1-150x150.jpg 150w, https:\/\/bueroelsner.de\/wp-content\/uploads\/2023\/03\/Kraehe-auf-Pfahl-1-768x761.jpg 768w, https:\/\/bueroelsner.de\/wp-content\/uploads\/2023\/03\/Kraehe-auf-Pfahl-1-1536x1522.jpg 1536w, https:\/\/bueroelsner.de\/wp-content\/uploads\/2023\/03\/Kraehe-auf-Pfahl-1-2048x2029.jpg 2048w\" sizes=\"(max-width: 1024px) 100vw, 1024px\" \/><figcaption class=\"wp-element-caption\">Kr\u00e4he auf Pfahl (Fl\u00e4chentiere) | 90 x 90 cm<\/figcaption><\/figure>\n<\/figure>\n\n\n\n<p>Kr\u00e4he auf Pfahl | Acryl auf Leiwand | 90 x 90 cm<\/p>\n\n\n\n<p>Kr\u00e4he auf Pfahl | Acryl auf Leiwand | 90 x 90 cm<\/p>\n\n\n\n<figure class=\"is-layout-flex wp-block-gallery-3 wp-block-gallery has-nested-images columns-default is-cropped\">\n<figure class=\"wp-block-image size-large\"><img decoding=\"async\" loading=\"lazy\" width=\"1024\" height=\"753\" data-id=\"332\"  src=\"https:\/\/bueroelsner.de\/wp-content\/uploads\/2023\/03\/Monsterfisch-2-1024x753.jpg\" alt=\"\" class=\"wp-image-332\" srcset=\"https:\/\/bueroelsner.de\/wp-content\/uploads\/2023\/03\/Monsterfisch-2-1024x753.jpg 1024w, https:\/\/bueroelsner.de\/wp-content\/uploads\/2023\/03\/Monsterfisch-2-300x220.jpg 300w, https:\/\/bueroelsner.de\/wp-content\/uploads\/2023\/03\/Monsterfisch-2-768x564.jpg 768w, https:\/\/bueroelsner.de\/wp-content\/uploads\/2023\/03\/Monsterfisch-2-1536x1129.jpg 1536w, https:\/\/bueroelsner.de\/wp-content\/uploads\/2023\/03\/Monsterfisch-2-2048x1505.jpg 2048w\" sizes=\"(max-width: 1024px) 100vw, 1024px\" \/><figcaption class=\"wp-element-caption\">Monsterfisch | \u00d6l auf Karton | 30 x 40 cm<\/figcaption><\/figure>\n<figcaption class=\"blocks-gallery-caption wp-element-caption\">dfkasdfjljdfldsjfldsjfljdfljdfldsjlfdsf<\/figcaption><\/figure>\n","protected":false},"excerpt":{"rendered":"<p>Brownie macaroon jujubes muffin chocolate cake chocolate gingerbread ice cream tart. Gummies candy chupa chups dessert gingerbread cotton candy sugar plum. Chocolate cake applicake muffin candy canes brownie marshmallow.<\/p>\n","protected":false},"author":1,"featured_media":51,"parent":0,"menu_order":0,"comment_status":"closed","ping_status":"open","template":"","meta":[],"yoast_head":"<!-- This site is optimized with the Yoast SEO plugin v20.0 - https:\/\/yoast.com\/wordpress\/plugins\/seo\/ -->\n<title>Parallax Header - B\u00fcro Elsner - Atelier<\/title>\n<meta name=\"description\" content=\"B\u00fcro Elsner - Atelier Parallax Header %Kontakt % lsner %Mail %Kunst %kaufen ryl %\u00d6l\" \/>\n<meta name=\"robots\" content=\"index, follow, max-snippet:-1, max-image-preview:large, max-video-preview:-1\" \/>\n<link rel=\"canonical\" href=\"https:\/\/bueroelsner.de\/index.php\/parallax-header\/\" \/>\n<meta property=\"og:locale\" content=\"de_DE\" \/>\n<meta property=\"og:type\" content=\"article\" \/>\n<meta property=\"og:title\" content=\"Parallax Header - B\u00fcro Elsner - Atelier\" \/>\n<meta property=\"og:description\" content=\"B\u00fcro Elsner - Atelier Parallax Header %Kontakt % lsner %Mail %Kunst %kaufen ryl %\u00d6l\" \/>\n<meta property=\"og:url\" content=\"https:\/\/bueroelsner.de\/index.php\/parallax-header\/\" \/>\n<meta property=\"og:site_name\" content=\"B\u00fcro Elsner - Atelier\" \/>\n<meta property=\"article:modified_time\" content=\"2023-03-20T12:13:12+00:00\" \/>\n<meta property=\"og:image\" content=\"https:\/\/bueroelsner.de\/wp-content\/uploads\/2014\/02\/Bird.jpg\" \/>\n\t<meta property=\"og:image:width\" content=\"753\" \/>\n\t<meta property=\"og:image:height\" content=\"500\" \/>\n\t<meta property=\"og:image:type\" content=\"image\/jpeg\" \/>\n<meta name=\"twitter:card\" content=\"summary_large_image\" \/>\n<meta name=\"twitter:label1\" content=\"Gesch\u00e4tzte Lesezeit\" \/>\n\t<meta name=\"twitter:data1\" content=\"1 Minute\" \/>\n<script type=\"application\/ld+json\" class=\"yoast-schema-graph\">{\"@context\":\"https:\/\/schema.org\",\"@graph\":[{\"@type\":\"WebPage\",\"@id\":\"https:\/\/bueroelsner.de\/index.php\/parallax-header\/\",\"url\":\"https:\/\/bueroelsner.de\/index.php\/parallax-header\/\",\"name\":\"Parallax Header - B\u00fcro Elsner - Atelier\",\"isPartOf\":{\"@id\":\"https:\/\/bueroelsner.de\/#website\"},\"datePublished\":\"2014-02-17T14:18:05+00:00\",\"dateModified\":\"2023-03-20T12:13:12+00:00\",\"description\":\"B\u00fcro Elsner - Atelier Parallax Header %Kontakt % lsner %Mail %Kunst %kaufen ryl %\u00d6l\",\"breadcrumb\":{\"@id\":\"https:\/\/bueroelsner.de\/index.php\/parallax-header\/#breadcrumb\"},\"inLanguage\":\"de-DE\",\"potentialAction\":[{\"@type\":\"ReadAction\",\"target\":[\"https:\/\/bueroelsner.de\/index.php\/parallax-header\/\"]}]},{\"@type\":\"BreadcrumbList\",\"@id\":\"https:\/\/bueroelsner.de\/index.php\/parallax-header\/#breadcrumb\",\"itemListElement\":[{\"@type\":\"ListItem\",\"position\":1,\"name\":\"Startseite\",\"item\":\"https:\/\/bueroelsner.de\/\"},{\"@type\":\"ListItem\",\"position\":2,\"name\":\"Parallax Header\"}]},{\"@type\":\"WebSite\",\"@id\":\"https:\/\/bueroelsner.de\/#website\",\"url\":\"https:\/\/bueroelsner.de\/\",\"name\":\"B\u00fcro Elsner - Atelier\",\"description\":\"\",\"potentialAction\":[{\"@type\":\"SearchAction\",\"target\":{\"@type\":\"EntryPoint\",\"urlTemplate\":\"https:\/\/bueroelsner.de\/?s={search_term_string}\"},\"query-input\":\"required name=search_term_string\"}],\"inLanguage\":\"de-DE\"}]}<\/script>\n<!-- \/ Yoast SEO plugin. -->","yoast_head_json":{"title":"Parallax Header - B\u00fcro Elsner - Atelier","description":"B\u00fcro Elsner - Atelier Parallax Header %Kontakt % lsner %Mail %Kunst %kaufen ryl %\u00d6l","robots":{"index":"index","follow":"follow","max-snippet":"max-snippet:-1","max-image-preview":"max-image-preview:large","max-video-preview":"max-video-preview:-1"},"canonical":"https:\/\/bueroelsner.de\/index.php\/parallax-header\/","og_locale":"de_DE","og_type":"article","og_title":"Parallax Header - B\u00fcro Elsner - Atelier","og_description":"B\u00fcro Elsner - Atelier Parallax Header %Kontakt % lsner %Mail %Kunst %kaufen ryl %\u00d6l","og_url":"https:\/\/bueroelsner.de\/index.php\/parallax-header\/","og_site_name":"B\u00fcro Elsner - Atelier","article_modified_time":"2023-03-20T12:13:12+00:00","og_image":[{"width":753,"height":500,"url":"https:\/\/bueroelsner.de\/wp-content\/uploads\/2014\/02\/Bird.jpg","type":"image\/jpeg"}],"twitter_card":"summary_large_image","twitter_misc":{"Gesch\u00e4tzte Lesezeit":"1 Minute"},"schema":{"@context":"https:\/\/schema.org","@graph":[{"@type":"WebPage","@id":"https:\/\/bueroelsner.de\/index.php\/parallax-header\/","url":"https:\/\/bueroelsner.de\/index.php\/parallax-header\/","name":"Parallax Header - B\u00fcro Elsner - Atelier","isPartOf":{"@id":"https:\/\/bueroelsner.de\/#website"},"datePublished":"2014-02-17T14:18:05+00:00","dateModified":"2023-03-20T12:13:12+00:00","description":"B\u00fcro Elsner - Atelier Parallax Header %Kontakt % lsner %Mail %Kunst %kaufen ryl %\u00d6l","breadcrumb":{"@id":"https:\/\/bueroelsner.de\/index.php\/parallax-header\/#breadcrumb"},"inLanguage":"de-DE","potentialAction":[{"@type":"ReadAction","target":["https:\/\/bueroelsner.de\/index.php\/parallax-header\/"]}]},{"@type":"BreadcrumbList","@id":"https:\/\/bueroelsner.de\/index.php\/parallax-header\/#breadcrumb","itemListElement":[{"@type":"ListItem","position":1,"name":"Startseite","item":"https:\/\/bueroelsner.de\/"},{"@type":"ListItem","position":2,"name":"Parallax Header"}]},{"@type":"WebSite","@id":"https:\/\/bueroelsner.de\/#website","url":"https:\/\/bueroelsner.de\/","name":"B\u00fcro Elsner - Atelier","description":"","potentialAction":[{"@type":"SearchAction","target":{"@type":"EntryPoint","urlTemplate":"https:\/\/bueroelsner.de\/?s={search_term_string}"},"query-input":"required name=search_term_string"}],"inLanguage":"de-DE"}]}},"_links":{"self":[{"href":"https:\/\/bueroelsner.de\/index.php\/wp-json\/wp\/v2\/pages\/42"}],"collection":[{"href":"https:\/\/bueroelsner.de\/index.php\/wp-json\/wp\/v2\/pages"}],"about":[{"href":"https:\/\/bueroelsner.de\/index.php\/wp-json\/wp\/v2\/types\/page"}],"author":[{"embeddable":true,"href":"https:\/\/bueroelsner.de\/index.php\/wp-json\/wp\/v2\/users\/1"}],"replies":[{"embeddable":true,"href":"https:\/\/bueroelsner.de\/index.php\/wp-json\/wp\/v2\/comments?post=42"}],"version-history":[{"count":4,"href":"https:\/\/bueroelsner.de\/index.php\/wp-json\/wp\/v2\/pages\/42\/revisions"}],"predecessor-version":[{"id":338,"href":"https:\/\/bueroelsner.de\/index.php\/wp-json\/wp\/v2\/pages\/42\/revisions\/338"}],"wp:featuredmedia":[{"embeddable":true,"href":"https:\/\/bueroelsner.de\/index.php\/wp-json\/wp\/v2\/media\/51"}],"wp:attachment":[{"href":"https:\/\/bueroelsner.de\/index.php\/wp-json\/wp\/v2\/media?parent=42"}],"curies":[{"name":"wp","href":"https:\/\/api.w.org\/{rel}","templated":true}]}}